{"id":2582,"date":"2020-05-18T04:43:59","date_gmt":"2020-05-18T04:43:59","guid":{"rendered":"http:\/\/localhost\/theratio\/?page_id=2582"},"modified":"2022-03-28T15:50:24","modified_gmt":"2022-03-28T15:50:24","slug":"projects","status":"publish","type":"page","link":"https:\/\/butem.com.tr\/tr\/projects\/","title":{"rendered":"Projeler"},"content":{"rendered":"<div data-elementor-type=\"wp-page\" data-elementor-id=\"2582\" class=\"elementor elementor-2582\">\n\t\t\t\t\t\t\t\t\t<section class=\"elementor-section elementor-top-section elementor-element elementor-element-b29e3dd elementor-section-boxed elementor-section-height-default elementor-section-height-default\" data-id=\"b29e3dd\" data-element_type=\"section\">\n\t\t\t\t\t\t<div class=\"elementor-container elementor-column-gap-default\">\n\t\t\t\t\t<div class=\"elementor-column elementor-col-100 elementor-top-column elementor-element elementor-element-d6303c8 ot-flex-column-vertical\" data-id=\"d6303c8\" data-element_type=\"column\">\n\t\t\t<div class=\"elementor-widget-wrap elementor-element-populated\">\n\t\t\t\t\t\t\t\t<div class=\"elementor-element elementor-element-e09abd0 theratio-align-center elementor-widget elementor-widget-iheading\" data-id=\"e09abd0\" data-element_type=\"widget\" data-widget_type=\"iheading.default\">\n\t\t\t\t<div class=\"elementor-widget-container\">\n\t\t\t\t\t<div class=\"ot-heading is-dots\">\r\n\t        \t            <span>Projeler<\/span>\r\n\t        \t        <h2 class=\"main-heading\">BUTEM Mimarl\u0131k <br> Tamamlanm\u0131\u015f Projelerimiz<\/h2>\r\n\t        \t    <\/div>\r\n\t    \t\t<\/div>\n\t\t\t\t<\/div>\n\t\t\t\t<div class=\"elementor-element elementor-element-1089088 elementor-widget elementor-widget-ipfilter\" data-id=\"1089088\" data-element_type=\"widget\" data-widget_type=\"ipfilter.default\">\n\t\t\t\t<div class=\"elementor-widget-container\">\n\t\t\t\r\n\t\t<div class=\"project-filter-wrapper\">\r\n\t\t\t\t        \t<div class=\"container\">\r\n\t        \t\t<ul class=\"project_filters\">\r\n\t        \t\t\t\t        \t\t\t \t<li><a href=\"#\" data-filter=\"*\" class=\"selected btn-details\">Hepsi<\/a><\/li>\r\n\t        \t\t\t\t\t                \t\t                    <li>\r\n\t\t\t\t\t\t\t\t<a class=\"btn-details\" href='#' data-filter='.category-28'>Y\u00fcklenici<\/a>\r\n\t\t\t\t\t\t\t<\/li>\t                    \r\n\t\t                \t\t                    <li>\r\n\t\t\t\t\t\t\t\t<a class=\"btn-details\" href='#' data-filter='.category-29'>Tasar\u0131m ve Uygulama<\/a>\r\n\t\t\t\t\t\t\t<\/li>\t                    \r\n\t\t                \t\t                    <li>\r\n\t\t\t\t\t\t\t\t<a class=\"btn-details\" href='#' data-filter='.category-30'>Tasar\u0131m ve Planlama<\/a>\r\n\t\t\t\t\t\t\t<\/li>\t                    \r\n\t\t                \t\t                    <li>\r\n\t\t\t\t\t\t\t\t<a class=\"btn-details\" href='#' data-filter='.category-31'>Proje Y\u00f6netimi<\/a>\r\n\t\t\t\t\t\t\t<\/li>\t                    \r\n\t\t                \t\t\t\t\t<\/ul>\r\n\t\t\t\t<\/div>\r\n\t        \t\t\t\t        <div class=\"projects-grid pf_3_cols style-1 img-scale w-auto\" data-load=\"3\" data-count=\"22\">\r\n\t\t\t<div class=\"grid-sizer\"><\/div>\r\n\t            \r\n<div class=\"project-item category-28\">\r\n\t<div class=\"projects-box\">\r\n\t\t<div class=\"projects-thumbnail\" data-src=\"https:\/\/butem.com.tr\/wp-content\/uploads\/2022\/03\/2-1.png\" data-sub-html=\"Sportone\">\r\n\t\t\t<a href=\"https:\/\/butem.com.tr\/tr\/portfolio\/sportone\/\">\r\n\t\t\t\t<img loading=\"lazy\" decoding=\"async\" width=\"720\" height=\"675\" src=\"https:\/\/butem.com.tr\/wp-content\/uploads\/2022\/03\/2-1-720x675.png\" class=\"attachment-theratio-portfolio-thumbnail-grid size-theratio-portfolio-thumbnail-grid wp-post-image\" alt=\"\" \/>\t\t\t<\/a>\r\n\t\t\t\r\n\t\t\t<span class=\"overlay\">\r\n\t\t\t\t<h5>Sportone<\/h5>\r\n\t\t\t\t<i class=\"ot-flaticon-add\"><\/i>\r\n\t\t\t<\/span>\r\n\t\t<\/div>\r\n\t\t<div class=\"portfolio-info\">\r\n\t\t\t<div class=\"portfolio-info-inner\">\r\n\t\t\t\t<h5><a class=\"title-link\" href=\"https:\/\/butem.com.tr\/tr\/portfolio\/sportone\/\" data-src=\"https:\/\/butem.com.tr\/wp-content\/uploads\/2022\/03\/2-1.png\" data-sub-html=\"Sportone\">Sportone<\/a><\/h5>\r\n\t\t\t\t<p class=\"portfolio-cates\"><a href=\"https:\/\/butem.com.tr\/tr\/portfolio-category\/contractor\/\">Y\u00fcklenici<\/a><\/p> \r\n\t\t\t<\/div>\r\n\t\t\t<a class=\"overlay\" href=\"https:\/\/butem.com.tr\/tr\/portfolio\/sportone\/\"><\/a>\r\n\t\t<\/div>\r\n\t<\/div>\r\n<\/div>\r\n<div class=\"project-item category-29\">\r\n\t<div class=\"projects-box\">\r\n\t\t<div class=\"projects-thumbnail\" data-src=\"https:\/\/butem.com.tr\/wp-content\/uploads\/2022\/03\/3.png\" data-sub-html=\"Phoenix Contact\">\r\n\t\t\t<a href=\"https:\/\/butem.com.tr\/tr\/portfolio\/phoenix-contact\/\">\r\n\t\t\t\t<img loading=\"lazy\" decoding=\"async\" width=\"720\" height=\"675\" src=\"https:\/\/butem.com.tr\/wp-content\/uploads\/2022\/03\/3-720x675.png\" class=\"attachment-theratio-portfolio-thumbnail-grid size-theratio-portfolio-thumbnail-grid wp-post-image\" alt=\"\" \/>\t\t\t<\/a>\r\n\t\t\t\r\n\t\t\t<span class=\"overlay\">\r\n\t\t\t\t<h5>Phoenix Contact<\/h5>\r\n\t\t\t\t<i class=\"ot-flaticon-add\"><\/i>\r\n\t\t\t<\/span>\r\n\t\t<\/div>\r\n\t\t<div class=\"portfolio-info\">\r\n\t\t\t<div class=\"portfolio-info-inner\">\r\n\t\t\t\t<h5><a class=\"title-link\" href=\"https:\/\/butem.com.tr\/tr\/portfolio\/phoenix-contact\/\" data-src=\"https:\/\/butem.com.tr\/wp-content\/uploads\/2022\/03\/3.png\" data-sub-html=\"Phoenix Contact\">Phoenix Contact<\/a><\/h5>\r\n\t\t\t\t<p class=\"portfolio-cates\"><a href=\"https:\/\/butem.com.tr\/tr\/portfolio-category\/design-build\/\">Tasar\u0131m ve Uygulama<\/a><\/p> \r\n\t\t\t<\/div>\r\n\t\t\t<a class=\"overlay\" href=\"https:\/\/butem.com.tr\/tr\/portfolio\/phoenix-contact\/\"><\/a>\r\n\t\t<\/div>\r\n\t<\/div>\r\n<\/div>\r\n<div class=\"project-item category-29\">\r\n\t<div class=\"projects-box\">\r\n\t\t<div class=\"projects-thumbnail\" data-src=\"https:\/\/butem.com.tr\/wp-content\/uploads\/2022\/03\/Worq-5.png\" data-sub-html=\"WorqCompany\">\r\n\t\t\t<a href=\"https:\/\/butem.com.tr\/tr\/portfolio\/worq-company\/\">\r\n\t\t\t\t<img loading=\"lazy\" decoding=\"async\" width=\"720\" height=\"675\" src=\"https:\/\/butem.com.tr\/wp-content\/uploads\/2022\/03\/Worq-5-720x675.png\" class=\"attachment-theratio-portfolio-thumbnail-grid size-theratio-portfolio-thumbnail-grid wp-post-image\" alt=\"\" \/>\t\t\t<\/a>\r\n\t\t\t\r\n\t\t\t<span class=\"overlay\">\r\n\t\t\t\t<h5>WorqCompany<\/h5>\r\n\t\t\t\t<i class=\"ot-flaticon-add\"><\/i>\r\n\t\t\t<\/span>\r\n\t\t<\/div>\r\n\t\t<div class=\"portfolio-info\">\r\n\t\t\t<div class=\"portfolio-info-inner\">\r\n\t\t\t\t<h5><a class=\"title-link\" href=\"https:\/\/butem.com.tr\/tr\/portfolio\/worq-company\/\" data-src=\"https:\/\/butem.com.tr\/wp-content\/uploads\/2022\/03\/Worq-5.png\" data-sub-html=\"WorqCompany\">WorqCompany<\/a><\/h5>\r\n\t\t\t\t<p class=\"portfolio-cates\"><a href=\"https:\/\/butem.com.tr\/tr\/portfolio-category\/design-build\/\">Tasar\u0131m ve Uygulama<\/a><\/p> \r\n\t\t\t<\/div>\r\n\t\t\t<a class=\"overlay\" href=\"https:\/\/butem.com.tr\/tr\/portfolio\/worq-company\/\"><\/a>\r\n\t\t<\/div>\r\n\t<\/div>\r\n<\/div>\r\n<div class=\"project-item category-29\">\r\n\t<div class=\"projects-box\">\r\n\t\t<div class=\"projects-thumbnail\" data-src=\"https:\/\/butem.com.tr\/wp-content\/uploads\/2022\/02\/synevo1.png\" data-sub-html=\"Synevo Laboratories\">\r\n\t\t\t<a href=\"https:\/\/butem.com.tr\/tr\/portfolio\/synevo-laboratories\/\">\r\n\t\t\t\t<img loading=\"lazy\" decoding=\"async\" width=\"720\" height=\"675\" src=\"https:\/\/butem.com.tr\/wp-content\/uploads\/2022\/02\/synevo1-720x675.png\" class=\"attachment-theratio-portfolio-thumbnail-grid size-theratio-portfolio-thumbnail-grid wp-post-image\" alt=\"\" \/>\t\t\t<\/a>\r\n\t\t\t\r\n\t\t\t<span class=\"overlay\">\r\n\t\t\t\t<h5>Synevo Laboratories<\/h5>\r\n\t\t\t\t<i class=\"ot-flaticon-add\"><\/i>\r\n\t\t\t<\/span>\r\n\t\t<\/div>\r\n\t\t<div class=\"portfolio-info\">\r\n\t\t\t<div class=\"portfolio-info-inner\">\r\n\t\t\t\t<h5><a class=\"title-link\" href=\"https:\/\/butem.com.tr\/tr\/portfolio\/synevo-laboratories\/\" data-src=\"https:\/\/butem.com.tr\/wp-content\/uploads\/2022\/02\/synevo1.png\" data-sub-html=\"Synevo Laboratories\">Synevo Laboratories<\/a><\/h5>\r\n\t\t\t\t<p class=\"portfolio-cates\"><a href=\"https:\/\/butem.com.tr\/tr\/portfolio-category\/design-build\/\">Tasar\u0131m ve Uygulama<\/a><\/p> \r\n\t\t\t<\/div>\r\n\t\t\t<a class=\"overlay\" href=\"https:\/\/butem.com.tr\/tr\/portfolio\/synevo-laboratories\/\"><\/a>\r\n\t\t<\/div>\r\n\t<\/div>\r\n<\/div>\r\n<div class=\"project-item category-29\">\r\n\t<div class=\"projects-box\">\r\n\t\t<div class=\"projects-thumbnail\" data-src=\"https:\/\/butem.com.tr\/wp-content\/uploads\/2022\/02\/t2-1.png\" data-sub-html=\"Expanscience Laboratories\">\r\n\t\t\t<a href=\"https:\/\/butem.com.tr\/tr\/portfolio\/expanscience-laboratories\/\">\r\n\t\t\t\t<img loading=\"lazy\" decoding=\"async\" width=\"720\" height=\"650\" src=\"https:\/\/butem.com.tr\/wp-content\/uploads\/2022\/02\/t2-1-720x650.png\" class=\"attachment-theratio-portfolio-thumbnail-grid size-theratio-portfolio-thumbnail-grid wp-post-image\" alt=\"\" \/>\t\t\t<\/a>\r\n\t\t\t\r\n\t\t\t<span class=\"overlay\">\r\n\t\t\t\t<h5>Expanscience Laboratories<\/h5>\r\n\t\t\t\t<i class=\"ot-flaticon-add\"><\/i>\r\n\t\t\t<\/span>\r\n\t\t<\/div>\r\n\t\t<div class=\"portfolio-info\">\r\n\t\t\t<div class=\"portfolio-info-inner\">\r\n\t\t\t\t<h5><a class=\"title-link\" href=\"https:\/\/butem.com.tr\/tr\/portfolio\/expanscience-laboratories\/\" data-src=\"https:\/\/butem.com.tr\/wp-content\/uploads\/2022\/02\/t2-1.png\" data-sub-html=\"Expanscience Laboratories\">Expanscience Laboratories<\/a><\/h5>\r\n\t\t\t\t<p class=\"portfolio-cates\"><a href=\"https:\/\/butem.com.tr\/tr\/portfolio-category\/design-build\/\">Tasar\u0131m ve Uygulama<\/a><\/p> \r\n\t\t\t<\/div>\r\n\t\t\t<a class=\"overlay\" href=\"https:\/\/butem.com.tr\/tr\/portfolio\/expanscience-laboratories\/\"><\/a>\r\n\t\t<\/div>\r\n\t<\/div>\r\n<\/div>\r\n<div class=\"project-item category-28 category-31\">\r\n\t<div class=\"projects-box\">\r\n\t\t<div class=\"projects-thumbnail\" data-src=\"https:\/\/butem.com.tr\/wp-content\/uploads\/2022\/02\/detail_image_5.jpg\" data-sub-html=\"TOMTOM GARDENS\">\r\n\t\t\t<a href=\"https:\/\/butem.com.tr\/tr\/portfolio\/tomtom-gardens\/\">\r\n\t\t\t\t<img loading=\"lazy\" decoding=\"async\" width=\"720\" height=\"675\" src=\"https:\/\/butem.com.tr\/wp-content\/uploads\/2022\/02\/detail_image_5-720x675.jpg\" class=\"attachment-theratio-portfolio-thumbnail-grid size-theratio-portfolio-thumbnail-grid wp-post-image\" alt=\"\" \/>\t\t\t<\/a>\r\n\t\t\t\r\n\t\t\t<span class=\"overlay\">\r\n\t\t\t\t<h5>TOMTOM GARDENS<\/h5>\r\n\t\t\t\t<i class=\"ot-flaticon-add\"><\/i>\r\n\t\t\t<\/span>\r\n\t\t<\/div>\r\n\t\t<div class=\"portfolio-info\">\r\n\t\t\t<div class=\"portfolio-info-inner\">\r\n\t\t\t\t<h5><a class=\"title-link\" href=\"https:\/\/butem.com.tr\/tr\/portfolio\/tomtom-gardens\/\" data-src=\"https:\/\/butem.com.tr\/wp-content\/uploads\/2022\/02\/detail_image_5.jpg\" data-sub-html=\"TOMTOM GARDENS\">TOMTOM GARDENS<\/a><\/h5>\r\n\t\t\t\t<p class=\"portfolio-cates\"><a href=\"https:\/\/butem.com.tr\/tr\/portfolio-category\/contractor\/\">Y\u00fcklenici<\/a><a href=\"https:\/\/butem.com.tr\/tr\/portfolio-category\/project-managemenet\/\">Proje Y\u00f6netimi<\/a><\/p> \r\n\t\t\t<\/div>\r\n\t\t\t<a class=\"overlay\" href=\"https:\/\/butem.com.tr\/tr\/portfolio\/tomtom-gardens\/\"><\/a>\r\n\t\t<\/div>\r\n\t<\/div>\r\n<\/div>\t\t\t<\/div>\r\n\r\n\t\t\t<div class=\"btn-block\"><a href=\"#\" class=\"btn-loadmore octf-btn\" data-category=\"\" data-loaded=\"Load More\" data-loading=\"Loading\" data-style=\"grid\">Daha Fazlas\u0131<\/a><\/div>\t    <\/div>\r\n\t\t\t\t\t\t\t\t\t\t\r\n\t    \t\t<\/div>\n\t\t\t\t<\/div>\n\t\t\t\t\t<\/div>\n\t\t<\/div>\n\t\t\t\t\t\t\t<\/div>\n\t\t<\/section>\n\t\t\t\t\t\t\t<\/div>","protected":false},"excerpt":{"rendered":"<p>[ our portfolio ] Some of Our SELECTED WORKS All Contractor Design &amp; Build Design &amp; Planning Project Managemenet Villa, \u00c7ekmek\u00f6y Villa, \u00c7ekmek\u00f6y Contractor Renault Renault Design &amp; Build Villa, \u00c7aml\u0131ca Villa, \u00c7aml\u0131ca Contractor Clinic 7 Clinic 7 Design &amp; Build Ac\u0131badem Fulya Ac\u0131badem Fulya Design &amp; Build Galata Evleri Galata Evleri Design &amp; Planning [&hellip;]<\/p>","protected":false},"author":1,"featured_media":0,"parent":0,"menu_order":0,"comment_status":"closed","ping_status":"closed","template":"","meta":{"footnotes":""},"class_list":["post-2582","page","type-page","status-publish","hentry"],"_links":{"self":[{"href":"https:\/\/butem.com.tr\/tr\/wp-json\/wp\/v2\/pages\/2582","targetHints":{"allow":["GET"]}}],"collection":[{"href":"https:\/\/butem.com.tr\/tr\/wp-json\/wp\/v2\/pages"}],"about":[{"href":"https:\/\/butem.com.tr\/tr\/wp-json\/wp\/v2\/types\/page"}],"author":[{"embeddable":true,"href":"https:\/\/butem.com.tr\/tr\/wp-json\/wp\/v2\/users\/1"}],"replies":[{"embeddable":true,"href":"https:\/\/butem.com.tr\/tr\/wp-json\/wp\/v2\/comments?post=2582"}],"version-history":[{"count":11,"href":"https:\/\/butem.com.tr\/tr\/wp-json\/wp\/v2\/pages\/2582\/revisions"}],"predecessor-version":[{"id":5141,"href":"https:\/\/butem.com.tr\/tr\/wp-json\/wp\/v2\/pages\/2582\/revisions\/5141"}],"wp:attachment":[{"href":"https:\/\/butem.com.tr\/tr\/wp-json\/wp\/v2\/media?parent=2582"}],"curies":[{"name":"wp","href":"https:\/\/api.w.org\/{rel}","templated":true}]}}